{"id":19,"date":"2018-02-24T11:27:14","date_gmt":"2018-02-24T11:27:14","guid":{"rendered":"http:\/\/localhost\/public\/Igrid-wordpress-site\/?page_id=19"},"modified":"2023-01-23T11:12:53","modified_gmt":"2023-01-23T11:12:53","slug":"articles","status":"publish","type":"page","link":"https:\/\/igrid.media\/index.php\/articles\/","title":{"rendered":"Articles"},"content":{"rendered":"<p>Articles<\/p>\n<div style=\"overflow:hidden;height:1px;\">\n<p>\u010ce pa niste ljubitelj polmetra, vendar \u017eelite, da ste povsod dobri, potem ta spolna vo\u017enja za vas. V sredi\u0161\u010du na\u0161e pozornosti tokrat ni le \u0161e en zaj\u010dji vibrator, ampak vibrator z vrtenjem. Spominjam vas, \u010de ste pozabili, da so zaj\u010dji <a href=\"https:\/\/lekarnaslo24.com\/genericen-priligy\/\">preverite<\/a> tak\u0161ni fantje, ki imajo notranji del in zunanji &#8220;postopek&#8221; za spodbujanje klitorisa.<\/p>\n<\/div>\n","protected":false},"excerpt":{"rendered":"<p>Articles \u010ce pa niste ljubitelj polmetra, vendar \u017eelite, da ste povsod dobri, potem ta spolna vo\u017enja za vas. V sredi\u0161\u010du na\u0161e pozornosti tokrat ni le \u0161e en zaj\u010dji vibrator, ampak vibrator z vrtenjem. Spominjam vas, \u010de ste pozabili, da so zaj\u010dji preverite tak\u0161ni fantje, ki imajo notranji del in zunanji &#8220;postopek&#8221; za spodbujanje klitorisa.<\/p>\n","protected":false},"author":1,"featured_media":0,"parent":0,"menu_order":0,"comment_status":"closed","ping_status":"closed","template":"","meta":{"footnotes":""},"_links":{"self":[{"href":"https:\/\/igrid.media\/index.php\/wp-json\/wp\/v2\/pages\/19"}],"collection":[{"href":"https:\/\/igrid.media\/index.php\/wp-json\/wp\/v2\/pages"}],"about":[{"href":"https:\/\/igrid.media\/index.php\/wp-json\/wp\/v2\/types\/page"}],"author":[{"embeddable":true,"href":"https:\/\/igrid.media\/index.php\/wp-json\/wp\/v2\/users\/1"}],"replies":[{"embeddable":true,"href":"https:\/\/igrid.media\/index.php\/wp-json\/wp\/v2\/comments?post=19"}],"version-history":[{"count":2,"href":"https:\/\/igrid.media\/index.php\/wp-json\/wp\/v2\/pages\/19\/revisions"}],"predecessor-version":[{"id":479,"href":"https:\/\/igrid.media\/index.php\/wp-json\/wp\/v2\/pages\/19\/revisions\/479"}],"wp:attachment":[{"href":"https:\/\/igrid.media\/index.php\/wp-json\/wp\/v2\/media?parent=19"}],"curies":[{"name":"wp","href":"https:\/\/api.w.org\/{rel}","templated":true}]}}